{"id":2,"date":"2022-04-19T16:32:21","date_gmt":"2022-04-19T16:32:21","guid":{"rendered":"http:\/\/catorce-slp.gob.mx\/2021-2024\/?page_id=2"},"modified":"2022-04-21T21:11:42","modified_gmt":"2022-04-21T21:11:42","slug":"pagina-ejemplo","status":"publish","type":"page","link":"https:\/\/2021-2024.catorce-slp.gob.mx\/","title":{"rendered":"CATORCE, S.L.P."},"content":{"rendered":"\n<p>El Municipio de Catorce encuentra la luz en el Siglo XVIII a ra\u00edz del descubrimiento de vetas mineras en la sierra agreste, perteneciente anteriormente a los Huachichiles. <\/p>\n\n\n\n<p>Con el crecimiento, se funda el \u00abReal de Nuestra Se\u00f1ora de la Concepci\u00f3n de Guadalupe de \u00c1lamos\u00bb. En 1779, se le da el nombre de \u00abReal de la Pur\u00edsima Concepci\u00f3n de Catorce\u00bb.  Ya hecha la independencia se reduce a \u00abCatorce\u00bb.<\/p>\n\n\n\n<p>Actualmente nuestro municipio se encuentra en un proceso de desarrollo y de transformaci\u00f3n, para el cual, la visi\u00f3n de un Catorce prospero es evidente entre todos sus pobladores.<\/p>\n\r\n<script><\/script>","protected":false},"excerpt":{"rendered":"<p>El Municipio de Catorce encuentra la luz en el Siglo XVIII a ra\u00edz del descubrimiento de vetas mineras en la sierra agreste, perteneciente anteriormente a los Huachichiles. Con el crecimiento, se funda el \u00abReal de Nuestra Se\u00f1ora de la Concepci\u00f3n de Guadalupe de \u00c1lamos\u00bb. En 1779, se le da el nombre de \u00abReal de la [&hellip;]<\/p>\n","protected":false},"author":2,"featured_media":0,"parent":0,"menu_order":0,"comment_status":"closed","ping_status":"open","template":"","meta":{"footnotes":""},"class_list":["post-2","page","type-page","status-publish","hentry"],"_links":{"self":[{"href":"https:\/\/2021-2024.catorce-slp.gob.mx\/index.php?rest_route=\/wp\/v2\/pages\/2","targetHints":{"allow":["GET"]}}],"collection":[{"href":"https:\/\/2021-2024.catorce-slp.gob.mx\/index.php?rest_route=\/wp\/v2\/pages"}],"about":[{"href":"https:\/\/2021-2024.catorce-slp.gob.mx\/index.php?rest_route=\/wp\/v2\/types\/page"}],"author":[{"embeddable":true,"href":"https:\/\/2021-2024.catorce-slp.gob.mx\/index.php?rest_route=\/wp\/v2\/users\/2"}],"replies":[{"embeddable":true,"href":"https:\/\/2021-2024.catorce-slp.gob.mx\/index.php?rest_route=%2Fwp%2Fv2%2Fcomments&post=2"}],"version-history":[{"count":3,"href":"https:\/\/2021-2024.catorce-slp.gob.mx\/index.php?rest_route=\/wp\/v2\/pages\/2\/revisions"}],"predecessor-version":[{"id":46,"href":"https:\/\/2021-2024.catorce-slp.gob.mx\/index.php?rest_route=\/wp\/v2\/pages\/2\/revisions\/46"}],"wp:attachment":[{"href":"https:\/\/2021-2024.catorce-slp.gob.mx\/index.php?rest_route=%2Fwp%2Fv2%2Fmedia&parent=2"}],"curies":[{"name":"wp","href":"https:\/\/api.w.org\/{rel}","templated":true}]}}